{"id":85128,"date":"2021-06-29T14:13:02","date_gmt":"2021-06-29T14:13:02","guid":{"rendered":"https:\/\/web-test-content-dentsu.es\/pelayo\/?page_id=85128"},"modified":"2024-02-20T14:38:03","modified_gmt":"2024-02-20T14:38:03","slug":"cookies","status":"publish","type":"page","link":"https:\/\/www.pelayo.com\/teloaseguro\/cookies\/","title":{"rendered":"Pol\u00edtica de cookies"},"content":{"rendered":"<div class=\"post-title-wrapper\">\n<h1 class=\"post-title\"><span style=\"font-size: 1.125rem;\">Informaci\u00f3n general sobre cookies<\/span><\/h1>\n<\/div>\n<div>\n<p>Cuando navegas por nuestra p\u00e1gina web podr\u00e1n descargarse cookies en tu navegador, tanto propias como de terceros. En esta pol\u00edtica de cookies se explica qu\u00e9 son las cookies, qu\u00e9 tipo de cookies usamos, cu\u00e1l es su finalidad y te ayudamos a saber c\u00f3mo configurar tu navegador para rechazarlas o deshabilitarlas, si as\u00ed lo deseas.<\/p>\n<h2 class=\"m37-featured-extras__title\">\u00bfQu\u00e9 son las cookies?<\/h2>\n<p>Una \u00abCookie\u00bb es un peque\u00f1o archivo que se almacena en el ordenador, tablet, smartphone o cualquier otro dispositivo del usuario. Permite conocer la frecuencia de visitas, los contenidos m\u00e1s seleccionados y los elementos de seguridad que pueden intervenir en el control de acceso a \u00e1reas restringidas de nuestra p\u00e1gina web.<\/p>\n<h2 class=\"m37-featured-extras__title\">\u00bfPara qu\u00e9 sirven las cookies?<\/h2>\n<p>Las cookies son esenciales para el funcionamiento de internet, facilit\u00e1ndote la navegaci\u00f3n y usabilidad de nuestra web y permiti\u00e9ndonos conocer tus preferencias. Adem\u00e1s, hay algunas acciones b\u00e1sicas que requieren cookies, tales como la cumplimentaci\u00f3n de un formulario.<br \/>\nTen en cuenta que las cookies no pueden da\u00f1ar tu equipo y que, a cambio, el que est\u00e9n activadas nos ayudan a identificar y resolver los errores.<\/p>\n<p>Las cookies se asocian \u00fanicamente con un usuario an\u00f3nimo, no permitiendo acceder a datos de car\u00e1cter personal ni a datos del disco duro.<\/p>\n<h2 class=\"m37-featured-extras__title\">Tipos de cookies que utilizamos en nuestra p\u00e1gina web<\/h2>\n<p>A continuaci\u00f3n, te informamos de los diferentes tipos de cookies que se utilizan en nuestra p\u00e1gina en funci\u00f3n de la entidad que las gestione, el plazo de permanencia en tu dispositivo y la finalidad de las mismas.<\/p>\n<h3 class=\"m37-featured-extras__title\">Cookies en funci\u00f3n de la Entidad que las gestiona y de donde proceden<\/h3>\n<p>En nuestra p\u00e1gina web utilizamos tanto cookies propias como de terceros:<\/p>\n<ul>\n<li><strong>Cookies propias<\/strong>: Son aquellas que se env\u00edan a tu dispositivo desde nuestros propios equipos o dominios \u00a0desde el que prestamos el servicio que nos solicitas.<\/li>\n<li><strong>Cookies de terceros<\/strong>: Son aquellas que se env\u00edan a tu dispositivo desde un equipo o dominio que no es gestionado por nosotros, sino por otra entidad colaboradora. Por ejemplo, las de Google Analytics.<\/li>\n<\/ul>\n<h3 class=\"m37-featured-extras__title\">Cookies seg\u00fan el plazo de caducidad<\/h3>\n<ul>\n<li><strong>Cookies de sesi\u00f3n<\/strong>: Son cookies temporales que permanecen en el archivo de cookies de tu dispositivo hasta que abandonas la p\u00e1gina web, por lo que ninguna queda registrada en el disco duro de tu ordenador. Esta cookie es esencial ya que permite que navegues por nuestra p\u00e1gina.<\/li>\n<\/ul>\n<ul>\n<li><strong>Cookies persistentes<\/strong>: Son un tipo de cookies que quedan almacenadas en tu dispositivo y no expiran al finalizar la sesi\u00f3n, permaneciendo en el mismo durante el periodo que determine el responsable de la misma y que puede ir de unos minutos a varios a\u00f1os. Nosotros conservamos esta informaci\u00f3n como m\u00e1ximo 24 meses. No obstante, las puedes eliminar de tu dispositivo en cualquier momento.<\/li>\n<\/ul>\n<h3 class=\"m37-featured-extras__title\">Cookies en funci\u00f3n de su finalidad<\/h3>\n<ul>\n<li><strong>Cookies t\u00e9cnicas<\/strong>: Son cookies temporales que permanecen en tu dispositivo hasta que abandonas la sesi\u00f3n. Utilizamos este tipo de cookies para garantizar el uso de todas las funcionalidades de la p\u00e1gina web. Son cookies de este tipo las de \u00abacceso del usuario\u00bb o de -identificaci\u00f3n de sesi\u00f3n-, (realizan seguimiento de los datos del usuario cuando rellena formularios en l\u00ednea); las de personalizaci\u00f3n de la interfaz del usuario, como por ejemplo las de preferencia de idioma que permiten recordar el idioma seleccionado por un usuario. Si rechazas el uso de estas cookies habr\u00e1 algunas secciones de la web que no funcionar\u00e1n correctamente.<\/li>\n<li><strong>Cookies de an\u00e1lisis:\u00a0<\/strong>Utilizamos<strong>\u00a0\u00abGoogle Analytics\u00bb<\/strong>, que es un software de an\u00e1lisis que recopila informaci\u00f3n sobre las interacciones o tendencias de navegaci\u00f3n de los visitantes con nuestro\u00a0sitio web, permitiendo analizar el comportamiento y perfil de los visitantes an\u00f3nimos, con el objetivo de mejorar el funcionamiento del sitio. Esta informaci\u00f3n queda a nuestra disposici\u00f3n\u00a0para comprender c\u00f3mo interact\u00faan los usuarios con nuestra web y a disposici\u00f3n de Google. La configuraci\u00f3n de estas cookies est\u00e1 predeterminada por el servicio que ofrece Google, motivo por el cual te sugerimos que consultes su p\u00e1gina en el apartado de Privacidad y condiciones\u00a0con el fin de obtener m\u00e1s informaci\u00f3n sobre este tipo de cookies y c\u00f3mo deshabilitarlas, y especialmente en el enlace:\u00a0<a href=\"https:\/\/policies.google.com\/technologies\/types?hl=es&amp;gl=es\">HTTPS:\/\/POLICIES.GOOGLE.COM\/TECHNOLOGIES\/TYPES?HL=ES&amp;GL=ES<\/a><\/li>\n<\/ul>\n<h2 class=\"m37-featured-extras__title\">\u00bfQui\u00e9n accede a la informaci\u00f3n de las cookies?<\/h2>\n<p>La informaci\u00f3n almacenada en las cookies es completamente an\u00f3nima y utilizada por Pelayo y por los terceros cuyas cookies utilizamos, pudiendo dirigirte a ellos para m\u00e1s informaci\u00f3n.<\/p>\n<p>No obstante, nuestra p\u00e1gina contiene enlaces a sitios web de terceros, cuyas pol\u00edticas de privacidad son ajenas a las de Pelayo. Al acceder a tales sitios web puedes decidir si acpetas sus pol\u00edticas de privacidad y de cookies. Con car\u00e1cter general, si navegas por Internet puedes aceptar o rechazar las cookies de terceros desde las opciones de configuraci\u00f3n de tu navegador.<\/p>\n<h2 class=\"m37-featured-extras__title\">\u00bfC\u00f3mo puedes aceptar o rechazar el uso de las cookies?<\/h2>\n<p>Desde Pelayo estamos concienciados con facilitarte las cosas, por eso te facilitamos el acceso para que puedas desactivar y\/o eliminar estas cookies siguiendo las instrucciones de tu navegador de Internet. Tambi\u00e9n puedes configurar tu ordenador para que te advierta antes de aceptar una cookie de los sitios web que visitas.<\/p>\n<p>En caso de que no permitas la instalaci\u00f3n de cookies en tu navegador es posible que no puedas acceder a algunos de los servicios de nuestra p\u00e1gina, o se produzcan errores en su funcionamiento o la visualizaci\u00f3n de algunos contenidos, aunque podr\u00e1s seguir utilizando la mayor\u00eda de las funciones de nuestro sitio web.<\/p>\n<p>Con car\u00e1cter general los navegadores ofrecen al usuario la posibilidad de gestionar las cookies que instala un determinado sitio web, obtener informaci\u00f3n relativa a la duraci\u00f3n de las mismas y la posibilidad de desactivar, restringir, bloquear o eliminar las mismas.<\/p>\n<p>El usuario deber\u00e1 modificar la configuraci\u00f3n del navegador que utilice en su dispositivo (ordenador, smartphone o Tablet). Con car\u00e1cter general los navegadores ofrecen las siguientes opciones de configuraci\u00f3n en relaci\u00f3n a la instalaci\u00f3n de cookies:<\/p>\n<ul>\n<li>Que el navegador rechace todas las cookies y por lo tanto, que no se instale ninguna cookie de ninguna p\u00e1gina web en el dispositivo del usuario.<\/li>\n<li>Que el navegador le avise antes de que se produzca la instalaci\u00f3n de la cookie para que el usuario decida si acepta o no la instalaci\u00f3n de la misma.<\/li>\n<li>Que el navegador \u00fanicamente rechace las cookies de terceros de los sitios web que visita pero no las utilizadas por el sitio web por el que el usuario se encuentra navegando.<\/li>\n<li>La opci\u00f3n de navegaci\u00f3n en modo privado mediante la cual, las cookies se instalan en el dispositivo pero se elimina de manera autom\u00e1tica cuando finaliza la navegaci\u00f3n por la p\u00e1gina web.<\/li>\n<\/ul>\n<p>En los siguientes enlaces tienes a tu disposici\u00f3n toda la informaci\u00f3n para configurar o deshabilitar tus cookies en cada navegador:<\/p>\n<p><a href=\"https:\/\/support.google.com\/chrome\/answer\/95647?hl=es&amp;ref_topic=7438325&amp;_ga=2.224883930.1996135759.1540811775-606473327.1538399506\" target=\"_blank\" rel=\"nofollow noopener noreferrer\">GOOGLE CHROME<\/a><br \/>\n<a href=\"http:\/\/support.mozilla.org\/es\/kb\/habilitar-y-deshabilitar-cookies-que-los-sitios-we?_ga=2.245723972.1996135759.1540811775-606473327.1538399506\" target=\"_blank\" rel=\"nofollow noopener noreferrer\">MOZILLA FIREFOX<\/a><br \/>\n<a href=\"http:\/\/windows.microsoft.com\/es-es\/windows-vista\/block-or-allow-cookies?_ga=2.245723972.1996135759.1540811775-606473327.1538399506\" target=\"_blank\" rel=\"nofollow noopener noreferrer\">INTERNET EXPLORER<\/a><br \/>\n<a href=\"https:\/\/support.microsoft.com\/es-es\/help\/4468242\/microsoft-edge-browsing-data-and-privacy#:~:text=Para%20borrar%20la%20informaci%C3%B3n%20de,lo%20que%20se%20debe%20borrar\" target=\"_blank\" rel=\"nofollow noopener noreferrer\">EDGE<\/a><br \/>\n<a href=\"https:\/\/support.apple.com\/es-es\/guide\/safari\/sfri11471\/mac\" target=\"_blank\" rel=\"nofollow noopener noreferrer\">SAFARI EN MAC<\/a><br \/>\n<a href=\"https:\/\/support.apple.com\/es-lamr\/HT201265?_ga=2.245723972.1996135759.1540811775-606473327.1538399506\" target=\"_blank\" rel=\"nofollow noopener noreferrer\">SAFARI EN DISPOSITIVOS M\u00d3VILES<\/a><\/p>\n<h2 class=\"m37-featured-extras__title\">Derechos de los interesados<\/h2>\n<p>Como te henos informado anteriormente, las cookies que utilizamos no permiten la identificaci\u00f3n del usuario, no obstante, si deseas ejercitar cualquier de tus derechos en materia de protecci\u00f3n de datos puedes consultar nuestra\u00a0<a href=\"https:\/\/www.grupopelayo.com\/politica-de-privacidad\">POL\u00cdTICA DE PRIVACIDAD<\/a>.<\/p>\n<h2 class=\"m37-featured-extras__title\">Actualizaciones y cambios en la pol\u00edtica de cookies<\/h2>\n<p>Pelayo puede modificar esta Pol\u00edtica de Cookies en funci\u00f3n de exigencias legislativas, reglamentarias, o con la finalidad de adaptar dicha pol\u00edtica a las instrucciones y recomendaciones dictadas por la Agencia Espa\u00f1ola de Protecci\u00f3n de Datos, por ello te aconsejamos que revises peri\u00f3dicamente nuestra Pol\u00edtica de Cookies.<\/p>\n<\/div>\n","protected":false},"excerpt":{"rendered":"<p>Informaci\u00f3n general sobre cookies Cuando navegas por nuestra p\u00e1gina web podr\u00e1n descargarse cookies en tu navegador, tanto propias como de<\/p>\n","protected":false},"author":1,"featured_media":0,"parent":0,"menu_order":0,"comment_status":"closed","ping_status":"closed","template":"template-fullwidth.php","meta":[],"yoast_head":"<!-- This site is optimized with the Yoast SEO plugin v17.5 - https:\/\/yoast.com\/wordpress\/plugins\/seo\/ -->\n<title>Pol\u00edtica de cookies | Pelayo<\/title>\n<meta name=\"robots\" content=\"noindex, nofollow\" \/>\n<meta property=\"og:locale\" content=\"es_ES\" \/>\n<meta property=\"og:type\" content=\"article\" \/>\n<meta property=\"og:title\" content=\"Pol\u00edtica de cookies | Pelayo\" \/>\n<meta property=\"og:description\" content=\"Informaci\u00f3n general sobre cookies Cuando navegas por nuestra p\u00e1gina web podr\u00e1n descargarse cookies en tu navegador, tanto propias como de\" \/>\n<meta property=\"og:url\" content=\"https:\/\/www.pelayo.com\/teloaseguro\/cookies\/\" \/>\n<meta property=\"og:site_name\" content=\"Pelayo\" \/>\n<meta property=\"article:modified_time\" content=\"2024-02-20T14:38:03+00:00\" \/>\n<meta name=\"twitter:card\" content=\"summary_large_image\" \/>\n<meta name=\"twitter:label1\" content=\"Tiempo de lectura\" \/>\n\t<meta name=\"twitter:data1\" content=\"7 minutos\" \/>\n<script type=\"application\/ld+json\" class=\"yoast-schema-graph\">{\"@context\":\"https:\/\/schema.org\",\"@graph\":[{\"@type\":\"WebSite\",\"@id\":\"https:\/\/www.pelayo.com\/teloaseguro\/#website\",\"url\":\"https:\/\/www.pelayo.com\/teloaseguro\/\",\"name\":\"Pelayo\",\"description\":\"\",\"potentialAction\":[{\"@type\":\"SearchAction\",\"target\":{\"@type\":\"EntryPoint\",\"urlTemplate\":\"https:\/\/www.pelayo.com\/teloaseguro\/?s={search_term_string}\"},\"query-input\":\"required name=search_term_string\"}],\"inLanguage\":\"es\"},{\"@type\":\"WebPage\",\"@id\":\"https:\/\/www.pelayo.com\/teloaseguro\/cookies\/#webpage\",\"url\":\"https:\/\/www.pelayo.com\/teloaseguro\/cookies\/\",\"name\":\"Pol\\u00edtica de cookies | Pelayo\",\"isPartOf\":{\"@id\":\"https:\/\/www.pelayo.com\/teloaseguro\/#website\"},\"datePublished\":\"2021-06-29T14:13:02+00:00\",\"dateModified\":\"2024-02-20T14:38:03+00:00\",\"breadcrumb\":{\"@id\":\"https:\/\/www.pelayo.com\/teloaseguro\/cookies\/#breadcrumb\"},\"inLanguage\":\"es\",\"potentialAction\":[{\"@type\":\"ReadAction\",\"target\":[\"https:\/\/www.pelayo.com\/teloaseguro\/cookies\/\"]}]},{\"@type\":\"BreadcrumbList\",\"@id\":\"https:\/\/www.pelayo.com\/teloaseguro\/cookies\/#breadcrumb\",\"itemListElement\":[{\"@type\":\"ListItem\",\"position\":1,\"name\":\"Portada\",\"item\":\"https:\/\/www.pelayo.com\/teloaseguro\/\"},{\"@type\":\"ListItem\",\"position\":2,\"name\":\"Pol\\u00edtica de cookies\"}]}]}<\/script>\n<!-- \/ Yoast SEO plugin. -->","yoast_head_json":{"title":"Pol\u00edtica de cookies | Pelayo","robots":{"index":"noindex","follow":"nofollow"},"og_locale":"es_ES","og_type":"article","og_title":"Pol\u00edtica de cookies | Pelayo","og_description":"Informaci\u00f3n general sobre cookies Cuando navegas por nuestra p\u00e1gina web podr\u00e1n descargarse cookies en tu navegador, tanto propias como de","og_url":"https:\/\/www.pelayo.com\/teloaseguro\/cookies\/","og_site_name":"Pelayo","article_modified_time":"2024-02-20T14:38:03+00:00","twitter_card":"summary_large_image","twitter_misc":{"Tiempo de lectura":"7 minutos"},"schema":{"@context":"https:\/\/schema.org","@graph":[{"@type":"WebSite","@id":"https:\/\/www.pelayo.com\/teloaseguro\/#website","url":"https:\/\/www.pelayo.com\/teloaseguro\/","name":"Pelayo","description":"","potentialAction":[{"@type":"SearchAction","target":{"@type":"EntryPoint","urlTemplate":"https:\/\/www.pelayo.com\/teloaseguro\/?s={search_term_string}"},"query-input":"required name=search_term_string"}],"inLanguage":"es"},{"@type":"WebPage","@id":"https:\/\/www.pelayo.com\/teloaseguro\/cookies\/#webpage","url":"https:\/\/www.pelayo.com\/teloaseguro\/cookies\/","name":"Pol\u00edtica de cookies | Pelayo","isPartOf":{"@id":"https:\/\/www.pelayo.com\/teloaseguro\/#website"},"datePublished":"2021-06-29T14:13:02+00:00","dateModified":"2024-02-20T14:38:03+00:00","breadcrumb":{"@id":"https:\/\/www.pelayo.com\/teloaseguro\/cookies\/#breadcrumb"},"inLanguage":"es","potentialAction":[{"@type":"ReadAction","target":["https:\/\/www.pelayo.com\/teloaseguro\/cookies\/"]}]},{"@type":"BreadcrumbList","@id":"https:\/\/www.pelayo.com\/teloaseguro\/cookies\/#breadcrumb","itemListElement":[{"@type":"ListItem","position":1,"name":"Portada","item":"https:\/\/www.pelayo.com\/teloaseguro\/"},{"@type":"ListItem","position":2,"name":"Pol\u00edtica de cookies"}]}]}},"_links":{"self":[{"href":"https:\/\/www.pelayo.com\/teloaseguro\/wp-json\/wp\/v2\/pages\/85128"}],"collection":[{"href":"https:\/\/www.pelayo.com\/teloaseguro\/wp-json\/wp\/v2\/pages"}],"about":[{"href":"https:\/\/www.pelayo.com\/teloaseguro\/wp-json\/wp\/v2\/types\/page"}],"author":[{"embeddable":true,"href":"https:\/\/www.pelayo.com\/teloaseguro\/wp-json\/wp\/v2\/users\/1"}],"replies":[{"embeddable":true,"href":"https:\/\/www.pelayo.com\/teloaseguro\/wp-json\/wp\/v2\/comments?post=85128"}],"version-history":[{"count":2,"href":"https:\/\/www.pelayo.com\/teloaseguro\/wp-json\/wp\/v2\/pages\/85128\/revisions"}],"predecessor-version":[{"id":85130,"href":"https:\/\/www.pelayo.com\/teloaseguro\/wp-json\/wp\/v2\/pages\/85128\/revisions\/85130"}],"wp:attachment":[{"href":"https:\/\/www.pelayo.com\/teloaseguro\/wp-json\/wp\/v2\/media?parent=85128"}],"curies":[{"name":"wp","href":"https:\/\/api.w.org\/{rel}","templated":true}]}}